{"id":844,"date":"2025-05-26T02:20:57","date_gmt":"2025-05-26T02:20:57","guid":{"rendered":"https:\/\/mstaragency.com\/?page_id=844"},"modified":"2025-11-04T07:28:53","modified_gmt":"2025-11-04T07:28:53","slug":"mentor-introduction%ef%bc%88latam%ef%bc%89","status":"publish","type":"page","link":"https:\/\/mstaragency.com\/es\/mentor-introduction%ef%bc%88latam%ef%bc%89\/","title":{"rendered":"Introducci\u00f3n del mentor (LATAM)"},"content":{"rendered":"<div data-elementor-type=\"wp-page\" data-elementor-id=\"844\" class=\"elementor elementor-844\">\n\t\t\t\t\t\t<section class=\"elementor-section elementor-top-section elementor-element elementor-element-4f67511d elementor-section-height-min-height elementor-section-boxed elementor-section-height-default elementor-section-items-middle\" data-id=\"4f67511d\" data-element_type=\"section\" data-e-type=\"section\" data-settings=\"{&quot;background_background&quot;:&quot;classic&quot;}\">\n\t\t\t\t\t\t\t<div class=\"elementor-background-overlay\"><\/div>\n\t\t\t\t\t\t\t<div class=\"elementor-container elementor-column-gap-no\">\n\t\t\t\t\t<div class=\"elementor-column elementor-col-100 elementor-top-column elementor-element elementor-element-145a9a87\" data-id=\"145a9a87\" data-element_type=\"column\" data-e-type=\"column\">\n\t\t\t<div class=\"elementor-widget-wrap elementor-element-populated\">\n\t\t\t\t\t\t<div class=\"elementor-element elementor-element-69ef5715 animated-slow elementor-invisible elementor-widget elementor-widget-elementskit-heading\" data-id=\"69ef5715\" data-element_type=\"widget\" data-e-type=\"widget\" data-settings=\"{&quot;_animation&quot;:&quot;fadeInUp&quot;,&quot;_animation_delay&quot;:600}\" data-widget_type=\"elementskit-heading.default\">\n\t\t\t\t<div class=\"elementor-widget-container\">\n\t\t\t\t\t<div class=\"ekit-wid-con\" ><div class=\"ekit-heading elementskit-section-title-wraper text_center   ekit_heading_tablet-text_center   ekit_heading_mobile-\"><h2 class=\"ekit-heading--title elementskit-section-title\">Introducci\u00f3n del mentor (LATAM)<\/h2><\/div><\/div>\t\t\t\t<\/div>\n\t\t\t\t<\/div>\n\t\t\t\t\t<\/div>\n\t\t<\/div>\n\t\t\t\t\t<\/div>\n\t\t<\/section>\n\t\t\t\t<section class=\"elementor-section elementor-top-section elementor-element elementor-element-330dfb3 elementor-section-boxed elementor-section-height-default elementor-section-height-default\" data-id=\"330dfb3\" data-element_type=\"section\" data-e-type=\"section\" data-settings=\"{&quot;background_background&quot;:&quot;classic&quot;}\">\n\t\t\t\t\t\t\t<div class=\"elementor-background-overlay\"><\/div>\n\t\t\t\t\t\t\t<div class=\"elementor-container elementor-column-gap-no\">\n\t\t\t\t\t<div class=\"elementor-column elementor-col-100 elementor-top-column elementor-element elementor-element-4ffed645\" data-id=\"4ffed645\" data-element_type=\"column\" data-e-type=\"column\">\n\t\t\t<div class=\"elementor-widget-wrap elementor-element-populated\">\n\t\t\t\t\t\t<section class=\"elementor-section elementor-inner-section elementor-element elementor-element-29458c17 animated-slow elementor-section-boxed elementor-section-height-default elementor-section-height-default elementor-invisible\" data-id=\"29458c17\" data-element_type=\"section\" data-e-type=\"section\" data-settings=\"{&quot;animation&quot;:&quot;fadeInLeft&quot;,&quot;animation_delay&quot;:400}\">\n\t\t\t\t\t\t<div class=\"elementor-container elementor-column-gap-no\">\n\t\t\t\t\t<div class=\"elementor-column elementor-col-50 elementor-inner-column elementor-element elementor-element-5ddd39f0\" data-id=\"5ddd39f0\" data-element_type=\"column\" data-e-type=\"column\">\n\t\t\t<div class=\"elementor-widget-wrap elementor-element-populated\">\n\t\t\t\t\t\t<section class=\"elementor-section elementor-inner-section elementor-element elementor-element-49fbf7ea elementor-section-boxed elementor-section-height-default elementor-section-height-default\" data-id=\"49fbf7ea\" data-element_type=\"section\" data-e-type=\"section\" data-settings=\"{&quot;background_background&quot;:&quot;classic&quot;}\">\n\t\t\t\t\t\t<div class=\"elementor-container elementor-column-gap-no\">\n\t\t\t\t\t<div class=\"elementor-column elementor-col-50 elementor-inner-column elementor-element elementor-element-484d8bc0\" data-id=\"484d8bc0\" data-element_type=\"column\" data-e-type=\"column\">\n\t\t\t<div class=\"elementor-widget-wrap elementor-element-populated\">\n\t\t\t\t\t\t<div class=\"elementor-element elementor-element-3a3483a5 elementor-widget elementor-widget-text-editor\" data-id=\"3a3483a5\" data-element_type=\"widget\" data-e-type=\"widget\" data-widget_type=\"text-editor.default\">\n\t\t\t\t<div class=\"elementor-widget-container\">\n\t\t\t\t\t\t\t\t\t<p>Excelente mentor para creadores, experto en TikTok Play y con experiencia en transmisiones en vivo. Tiene un profundo conocimiento de los problemas de las transmisiones en vivo, gestiona a m\u00e1s de 200 creadores, se comunica con paciencia y es un excelente mentor representante de M STAR Agency.<\/p>\t\t\t\t\t\t\t\t<\/div>\n\t\t\t\t<\/div>\n\t\t\t\t<div class=\"elementor-element elementor-element-73941947 elementor-widget elementor-widget-heading\" data-id=\"73941947\" data-element_type=\"widget\" data-e-type=\"widget\" data-widget_type=\"heading.default\">\n\t\t\t\t<div class=\"elementor-widget-container\">\n\t\t\t\t\t<h6 class=\"elementor-heading-title elementor-size-default\">Roberto<\/h6>\t\t\t\t<\/div>\n\t\t\t\t<\/div>\n\t\t\t\t<div class=\"elementor-element elementor-element-4f52a980 elementor-widget elementor-widget-heading\" data-id=\"4f52a980\" data-element_type=\"widget\" data-e-type=\"widget\" data-widget_type=\"heading.default\">\n\t\t\t\t<div class=\"elementor-widget-container\">\n\t\t\t\t\t<h6 class=\"elementor-heading-title elementor-size-default\"> Agentes, grandes mentores<\/h6>\t\t\t\t<\/div>\n\t\t\t\t<\/div>\n\t\t\t\t\t<\/div>\n\t\t<\/div>\n\t\t\t\t<div class=\"elementor-column elementor-col-50 elementor-inner-column elementor-element elementor-element-79f2a3ac\" data-id=\"79f2a3ac\" data-element_type=\"column\" data-e-type=\"column\">\n\t\t\t<div class=\"elementor-widget-wrap elementor-element-populated\">\n\t\t\t\t\t\t<div class=\"elementor-element elementor-element-72086ff8 elementor-view-framed elementor-shape-circle elementor-widget elementor-widget-icon\" data-id=\"72086ff8\" data-element_type=\"widget\" data-e-type=\"widget\" data-widget_type=\"icon.default\">\n\t\t\t\t<div class=\"elementor-widget-container\">\n\t\t\t\t\t\t\t<div class=\"elementor-icon-wrapper\">\n\t\t\t<a class=\"elementor-icon\" href=\"https:\/\/www.tiktok.com\/@mistericohisterico\">\n\t\t\t<svg aria-hidden=\"true\" class=\"e-font-icon-svg e-fab-tiktok\" viewbox=\"0 0 448 512\" xmlns=\"http:\/\/www.w3.org\/2000\/svg\"><path d=\"M448,209.91a210.06,210.06,0,0,1-122.77-39.25V349.38A162.55,162.55,0,1,1,185,188.31V278.2a74.62,74.62,0,1,0,52.23,71.18V0l88,0a121.18,121.18,0,0,0,1.86,22.17h0A122.18,122.18,0,0,0,381,102.39a121.43,121.43,0,0,0,67,20.14Z\"><\/path><\/svg>\t\t\t<\/a>\n\t\t<\/div>\n\t\t\t\t\t\t<\/div>\n\t\t\t\t<\/div>\n\t\t\t\t<div class=\"elementor-element elementor-element-734488ef elementor-widget elementor-widget-image\" data-id=\"734488ef\" data-element_type=\"widget\" data-e-type=\"widget\" data-widget_type=\"image.default\">\n\t\t\t\t<div class=\"elementor-widget-container\">\n\t\t\t\t\t\t\t\t\t\t\t\t\t\t\t\t<a href=\"https:\/\/mstaragency.com\/wp-content\/uploads\/2025\/05\/m.star_es.infotiktok\u6d77\u62a5\u4ecb\u7ecd-scaled.jpg\" data-elementor-open-lightbox=\"yes\" data-elementor-lightbox-title=\"m.star_es.infotiktok\u6d77\u62a5\u4ecb\u7ecd\" data-e-action-hash=\"#elementor-action%3Aaction%3Dlightbox%26settings%3DeyJpZCI6Nzg0LCJ1cmwiOiJodHRwczpcL1wvbXN0YXJhZ2VuY3kuY29tXC93cC1jb250ZW50XC91cGxvYWRzXC8yMDI1XC8wNVwvbS5zdGFyX2VzLmluZm90aWt0b2tcdTZkNzdcdTYyYTVcdTRlY2JcdTdlY2Qtc2NhbGVkLmpwZyJ9\">\n\t\t\t\t\t\t\t<img fetchpriority=\"high\" decoding=\"async\" width=\"447\" height=\"1024\" src=\"https:\/\/mstaragency.com\/wp-content\/uploads\/2025\/05\/m.star_es.infotiktok\u6d77\u62a5\u4ecb\u7ecd-447x1024.jpg\" class=\"attachment-large size-large wp-image-784\" alt=\"\" srcset=\"https:\/\/mstaragency.com\/wp-content\/uploads\/2025\/05\/m.star_es.infotiktok\u6d77\u62a5\u4ecb\u7ecd-447x1024.jpg 447w, https:\/\/mstaragency.com\/wp-content\/uploads\/2025\/05\/m.star_es.infotiktok\u6d77\u62a5\u4ecb\u7ecd-131x300.jpg 131w, https:\/\/mstaragency.com\/wp-content\/uploads\/2025\/05\/m.star_es.infotiktok\u6d77\u62a5\u4ecb\u7ecd-768x1759.jpg 768w, https:\/\/mstaragency.com\/wp-content\/uploads\/2025\/05\/m.star_es.infotiktok\u6d77\u62a5\u4ecb\u7ecd-671x1536.jpg 671w, https:\/\/mstaragency.com\/wp-content\/uploads\/2025\/05\/m.star_es.infotiktok\u6d77\u62a5\u4ecb\u7ecd-894x2048.jpg 894w, https:\/\/mstaragency.com\/wp-content\/uploads\/2025\/05\/m.star_es.infotiktok\u6d77\u62a5\u4ecb\u7ecd-5x12.jpg 5w, https:\/\/mstaragency.com\/wp-content\/uploads\/2025\/05\/m.star_es.infotiktok\u6d77\u62a5\u4ecb\u7ecd-600x1374.jpg 600w, https:\/\/mstaragency.com\/wp-content\/uploads\/2025\/05\/m.star_es.infotiktok\u6d77\u62a5\u4ecb\u7ecd-scaled.jpg 1118w\" sizes=\"(max-width: 447px) 100vw, 447px\" \/>\t\t\t\t\t\t\t\t<\/a>\n\t\t\t\t\t\t\t\t\t\t\t\t\t\t\t<\/div>\n\t\t\t\t<\/div>\n\t\t\t\t\t<\/div>\n\t\t<\/div>\n\t\t\t\t\t<\/div>\n\t\t<\/section>\n\t\t\t\t\t<\/div>\n\t\t<\/div>\n\t\t\t\t<div class=\"elementor-column elementor-col-50 elementor-inner-column elementor-element elementor-element-606d9484\" data-id=\"606d9484\" data-element_type=\"column\" data-e-type=\"column\" data-settings=\"{&quot;background_background&quot;:&quot;classic&quot;}\">\n\t\t\t<div class=\"elementor-widget-wrap elementor-element-populated\">\n\t\t\t\t\t\t<section class=\"elementor-section elementor-inner-section elementor-element elementor-element-50d1a26d elementor-section-boxed elementor-section-height-default elementor-section-height-default\" data-id=\"50d1a26d\" data-element_type=\"section\" data-e-type=\"section\" data-settings=\"{&quot;background_background&quot;:&quot;classic&quot;}\">\n\t\t\t\t\t\t<div class=\"elementor-container elementor-column-gap-no\">\n\t\t\t\t\t<div class=\"elementor-column elementor-col-50 elementor-inner-column elementor-element elementor-element-361ed58a\" data-id=\"361ed58a\" data-element_type=\"column\" data-e-type=\"column\">\n\t\t\t<div class=\"elementor-widget-wrap elementor-element-populated\">\n\t\t\t\t\t\t<div class=\"elementor-element elementor-element-293164a6 elementor-widget elementor-widget-text-editor\" data-id=\"293164a6\" data-element_type=\"widget\" data-e-type=\"widget\" data-widget_type=\"text-editor.default\">\n\t\t\t\t<div class=\"elementor-widget-container\">\n\t\t\t\t\t\t\t\t\t<p>Kevin es un creador de TikTok consumado, nominado a la lista A del primer trimestre de 2025, y cuenta con un equipo de \u00e9lite. Es un l\u00edder en la gesti\u00f3n de una comunidad de alta calidad y lidera un grupo de creadores igualmente talentosos.<\/p>\t\t\t\t\t\t\t\t<\/div>\n\t\t\t\t<\/div>\n\t\t\t\t<div class=\"elementor-element elementor-element-2a0a1527 elementor-widget elementor-widget-heading\" data-id=\"2a0a1527\" data-element_type=\"widget\" data-e-type=\"widget\" data-widget_type=\"heading.default\">\n\t\t\t\t<div class=\"elementor-widget-container\">\n\t\t\t\t\t<h6 class=\"elementor-heading-title elementor-size-default\">Kevin<\/h6>\t\t\t\t<\/div>\n\t\t\t\t<\/div>\n\t\t\t\t<div class=\"elementor-element elementor-element-7f16047e elementor-widget elementor-widget-heading\" data-id=\"7f16047e\" data-element_type=\"widget\" data-e-type=\"widget\" data-widget_type=\"heading.default\">\n\t\t\t\t<div class=\"elementor-widget-container\">\n\t\t\t\t\t<h6 class=\"elementor-heading-title elementor-size-default\"> Agentes, grandes mentores<\/h6>\t\t\t\t<\/div>\n\t\t\t\t<\/div>\n\t\t\t\t\t<\/div>\n\t\t<\/div>\n\t\t\t\t<div class=\"elementor-column elementor-col-50 elementor-inner-column elementor-element elementor-element-384bd51\" data-id=\"384bd51\" data-element_type=\"column\" data-e-type=\"column\">\n\t\t\t<div class=\"elementor-widget-wrap elementor-element-populated\">\n\t\t\t\t\t\t<div class=\"elementor-element elementor-element-5e4d65bf elementor-view-framed elementor-shape-circle elementor-widget elementor-widget-icon\" data-id=\"5e4d65bf\" data-element_type=\"widget\" data-e-type=\"widget\" data-widget_type=\"icon.default\">\n\t\t\t\t<div class=\"elementor-widget-container\">\n\t\t\t\t\t\t\t<div class=\"elementor-icon-wrapper\">\n\t\t\t<div class=\"elementor-icon\">\n\t\t\t<svg aria-hidden=\"true\" class=\"e-font-icon-svg e-fab-tiktok\" viewbox=\"0 0 448 512\" xmlns=\"http:\/\/www.w3.org\/2000\/svg\"><path d=\"M448,209.91a210.06,210.06,0,0,1-122.77-39.25V349.38A162.55,162.55,0,1,1,185,188.31V278.2a74.62,74.62,0,1,0,52.23,71.18V0l88,0a121.18,121.18,0,0,0,1.86,22.17h0A122.18,122.18,0,0,0,381,102.39a121.43,121.43,0,0,0,67,20.14Z\"><\/path><\/svg>\t\t\t<\/div>\n\t\t<\/div>\n\t\t\t\t\t\t<\/div>\n\t\t\t\t<\/div>\n\t\t\t\t<div class=\"elementor-element elementor-element-4de23fb7 elementor-widget elementor-widget-image\" data-id=\"4de23fb7\" data-element_type=\"widget\" data-e-type=\"widget\" data-widget_type=\"image.default\">\n\t\t\t\t<div class=\"elementor-widget-container\">\n\t\t\t\t\t\t\t\t\t\t\t\t\t\t\t\t<a href=\"https:\/\/mstaragency.com\/wp-content\/uploads\/2025\/06\/20250610-122447-scaled.jpeg\" data-elementor-open-lightbox=\"yes\" data-elementor-lightbox-title=\"20250610-122447\" data-e-action-hash=\"#elementor-action%3Aaction%3Dlightbox%26settings%3DeyJpZCI6ODg0LCJ1cmwiOiJodHRwczpcL1wvbXN0YXJhZ2VuY3kuY29tXC93cC1jb250ZW50XC91cGxvYWRzXC8yMDI1XC8wNlwvMjAyNTA2MTAtMTIyNDQ3LXNjYWxlZC5qcGVnIn0%3D\">\n\t\t\t\t\t\t\t<img decoding=\"async\" width=\"447\" height=\"1024\" src=\"https:\/\/mstaragency.com\/wp-content\/uploads\/2025\/06\/20250610-122447-447x1024.jpeg\" class=\"attachment-large size-large wp-image-884\" alt=\"\" srcset=\"https:\/\/mstaragency.com\/wp-content\/uploads\/2025\/06\/20250610-122447-447x1024.jpeg 447w, https:\/\/mstaragency.com\/wp-content\/uploads\/2025\/06\/20250610-122447-131x300.jpeg 131w, https:\/\/mstaragency.com\/wp-content\/uploads\/2025\/06\/20250610-122447-768x1759.jpeg 768w, https:\/\/mstaragency.com\/wp-content\/uploads\/2025\/06\/20250610-122447-671x1536.jpeg 671w, https:\/\/mstaragency.com\/wp-content\/uploads\/2025\/06\/20250610-122447-894x2048.jpeg 894w, https:\/\/mstaragency.com\/wp-content\/uploads\/2025\/06\/20250610-122447-5x12.jpeg 5w, https:\/\/mstaragency.com\/wp-content\/uploads\/2025\/06\/20250610-122447-600x1374.jpeg 600w, https:\/\/mstaragency.com\/wp-content\/uploads\/2025\/06\/20250610-122447-scaled.jpeg 1118w\" sizes=\"(max-width: 447px) 100vw, 447px\" \/>\t\t\t\t\t\t\t\t<\/a>\n\t\t\t\t\t\t\t\t\t\t\t\t\t\t\t<\/div>\n\t\t\t\t<\/div>\n\t\t\t\t\t<\/div>\n\t\t<\/div>\n\t\t\t\t\t<\/div>\n\t\t<\/section>\n\t\t\t\t\t<\/div>\n\t\t<\/div>\n\t\t\t\t\t<\/div>\n\t\t<\/section>\n\t\t\t\t<section class=\"elementor-section elementor-inner-section elementor-element elementor-element-9f45113 animated-slow elementor-section-boxed elementor-section-height-default elementor-section-height-default elementor-invisible\" data-id=\"9f45113\" data-element_type=\"section\" data-e-type=\"section\" data-settings=\"{&quot;animation&quot;:&quot;fadeInUp&quot;,&quot;animation_delay&quot;:400}\">\n\t\t\t\t\t\t<div class=\"elementor-container elementor-column-gap-no\">\n\t\t\t\t\t<div class=\"elementor-column elementor-col-50 elementor-inner-column elementor-element elementor-element-15fe98b2\" data-id=\"15fe98b2\" data-element_type=\"column\" data-e-type=\"column\">\n\t\t\t<div class=\"elementor-widget-wrap elementor-element-populated\">\n\t\t\t\t\t\t<section class=\"elementor-section elementor-inner-section elementor-element elementor-element-48394b29 elementor-section-boxed elementor-section-height-default elementor-section-height-default\" data-id=\"48394b29\" data-element_type=\"section\" data-e-type=\"section\" data-settings=\"{&quot;background_background&quot;:&quot;classic&quot;}\">\n\t\t\t\t\t\t<div class=\"elementor-container elementor-column-gap-no\">\n\t\t\t\t\t<div class=\"elementor-column elementor-col-50 elementor-inner-column elementor-element elementor-element-724d3239\" data-id=\"724d3239\" data-element_type=\"column\" data-e-type=\"column\">\n\t\t\t<div class=\"elementor-widget-wrap elementor-element-populated\">\n\t\t\t\t\t\t<div class=\"elementor-element elementor-element-3d5f2d75 elementor-widget elementor-widget-text-editor\" data-id=\"3d5f2d75\" data-element_type=\"widget\" data-e-type=\"widget\" data-widget_type=\"text-editor.default\">\n\t\t\t\t<div class=\"elementor-widget-container\">\n\t\t\t\t\t\t\t\t\t<p class=\"p1\">Esencia de M\u00ed es agente certificada en M STAR Agency y lidera su propio equipo luego de a\u00f1os de dedicaci\u00f3n y crecimiento en TikTok. Conocida por su perseverancia, contin\u00faa expandiendo su equipo y da la bienvenida a los creadores que buscan una comunidad solidaria, activa y rica en oportunidades para crecer juntos.<\/p>\t\t\t\t\t\t\t\t<\/div>\n\t\t\t\t<\/div>\n\t\t\t\t<div class=\"elementor-element elementor-element-fbcf319 elementor-widget elementor-widget-heading\" data-id=\"fbcf319\" data-element_type=\"widget\" data-e-type=\"widget\" data-widget_type=\"heading.default\">\n\t\t\t\t<div class=\"elementor-widget-container\">\n\t\t\t\t\t<h6 class=\"elementor-heading-title elementor-size-default\">Esencia<\/h6>\t\t\t\t<\/div>\n\t\t\t\t<\/div>\n\t\t\t\t<div class=\"elementor-element elementor-element-55739d0c elementor-widget elementor-widget-heading\" data-id=\"55739d0c\" data-element_type=\"widget\" data-e-type=\"widget\" data-widget_type=\"heading.default\">\n\t\t\t\t<div class=\"elementor-widget-container\">\n\t\t\t\t\t<h6 class=\"elementor-heading-title elementor-size-default\"> Agentes, grandes mentores<\/h6>\t\t\t\t<\/div>\n\t\t\t\t<\/div>\n\t\t\t\t\t<\/div>\n\t\t<\/div>\n\t\t\t\t<div class=\"elementor-column elementor-col-50 elementor-inner-column elementor-element elementor-element-206944ac\" data-id=\"206944ac\" data-element_type=\"column\" data-e-type=\"column\">\n\t\t\t<div class=\"elementor-widget-wrap elementor-element-populated\">\n\t\t\t\t\t\t<div class=\"elementor-element elementor-element-39f54b9f elementor-view-framed elementor-shape-circle elementor-widget elementor-widget-icon\" data-id=\"39f54b9f\" data-element_type=\"widget\" data-e-type=\"widget\" data-widget_type=\"icon.default\">\n\t\t\t\t<div class=\"elementor-widget-container\">\n\t\t\t\t\t\t\t<div class=\"elementor-icon-wrapper\">\n\t\t\t<div class=\"elementor-icon\">\n\t\t\t<svg aria-hidden=\"true\" class=\"e-font-icon-svg e-fab-tiktok\" viewbox=\"0 0 448 512\" xmlns=\"http:\/\/www.w3.org\/2000\/svg\"><path d=\"M448,209.91a210.06,210.06,0,0,1-122.77-39.25V349.38A162.55,162.55,0,1,1,185,188.31V278.2a74.62,74.62,0,1,0,52.23,71.18V0l88,0a121.18,121.18,0,0,0,1.86,22.17h0A122.18,122.18,0,0,0,381,102.39a121.43,121.43,0,0,0,67,20.14Z\"><\/path><\/svg>\t\t\t<\/div>\n\t\t<\/div>\n\t\t\t\t\t\t<\/div>\n\t\t\t\t<\/div>\n\t\t\t\t<div class=\"elementor-element elementor-element-1068b044 elementor-widget elementor-widget-image\" data-id=\"1068b044\" data-element_type=\"widget\" data-e-type=\"widget\" data-widget_type=\"image.default\">\n\t\t\t\t<div class=\"elementor-widget-container\">\n\t\t\t\t\t\t\t\t\t\t\t\t\t\t\t\t<a href=\"https:\/\/mstaragency.com\/wp-content\/uploads\/2025\/05\/vnesaa-scaled.jpeg\" data-elementor-open-lightbox=\"yes\" data-elementor-lightbox-title=\"vnesaa\" data-e-action-hash=\"#elementor-action%3Aaction%3Dlightbox%26settings%3DeyJpZCI6ODEzLCJ1cmwiOiJodHRwczpcL1wvbXN0YXJhZ2VuY3kuY29tXC93cC1jb250ZW50XC91cGxvYWRzXC8yMDI1XC8wNVwvdm5lc2FhLXNjYWxlZC5qcGVnIn0%3D\">\n\t\t\t\t\t\t\t<img decoding=\"async\" width=\"447\" height=\"1024\" src=\"https:\/\/mstaragency.com\/wp-content\/uploads\/2025\/05\/vnesaa-447x1024.jpeg\" class=\"attachment-large size-large wp-image-813\" alt=\"\" srcset=\"https:\/\/mstaragency.com\/wp-content\/uploads\/2025\/05\/vnesaa-447x1024.jpeg 447w, https:\/\/mstaragency.com\/wp-content\/uploads\/2025\/05\/vnesaa-131x300.jpeg 131w, https:\/\/mstaragency.com\/wp-content\/uploads\/2025\/05\/vnesaa-768x1759.jpeg 768w, https:\/\/mstaragency.com\/wp-content\/uploads\/2025\/05\/vnesaa-671x1536.jpeg 671w, https:\/\/mstaragency.com\/wp-content\/uploads\/2025\/05\/vnesaa-894x2048.jpeg 894w, https:\/\/mstaragency.com\/wp-content\/uploads\/2025\/05\/vnesaa-5x12.jpeg 5w, https:\/\/mstaragency.com\/wp-content\/uploads\/2025\/05\/vnesaa-600x1374.jpeg 600w, https:\/\/mstaragency.com\/wp-content\/uploads\/2025\/05\/vnesaa-scaled.jpeg 1118w\" sizes=\"(max-width: 447px) 100vw, 447px\" \/>\t\t\t\t\t\t\t\t<\/a>\n\t\t\t\t\t\t\t\t\t\t\t\t\t\t\t<\/div>\n\t\t\t\t<\/div>\n\t\t\t\t\t<\/div>\n\t\t<\/div>\n\t\t\t\t\t<\/div>\n\t\t<\/section>\n\t\t\t\t\t<\/div>\n\t\t<\/div>\n\t\t\t\t<div class=\"elementor-column elementor-col-50 elementor-inner-column elementor-element elementor-element-6fc68208\" data-id=\"6fc68208\" data-element_type=\"column\" data-e-type=\"column\" data-settings=\"{&quot;background_background&quot;:&quot;classic&quot;}\">\n\t\t\t<div class=\"elementor-widget-wrap elementor-element-populated\">\n\t\t\t\t\t\t<section class=\"elementor-section elementor-inner-section elementor-element elementor-element-5ee7bba9 elementor-section-boxed elementor-section-height-default elementor-section-height-default\" data-id=\"5ee7bba9\" data-element_type=\"section\" data-e-type=\"section\" data-settings=\"{&quot;background_background&quot;:&quot;classic&quot;}\">\n\t\t\t\t\t\t<div class=\"elementor-container elementor-column-gap-no\">\n\t\t\t\t\t<div class=\"elementor-column elementor-col-50 elementor-inner-column elementor-element elementor-element-17439ce2\" data-id=\"17439ce2\" data-element_type=\"column\" data-e-type=\"column\">\n\t\t\t<div class=\"elementor-widget-wrap elementor-element-populated\">\n\t\t\t\t\t\t<div class=\"elementor-element elementor-element-47d687ef elementor-widget elementor-widget-heading\" data-id=\"47d687ef\" data-element_type=\"widget\" data-e-type=\"widget\" data-widget_type=\"heading.default\">\n\t\t\t\t<div class=\"elementor-widget-container\">\n\t\t\t\t\t<h6 class=\"elementor-heading-title elementor-size-default\"> Agentes, grandes mentores<\/h6>\t\t\t\t<\/div>\n\t\t\t\t<\/div>\n\t\t\t\t\t<\/div>\n\t\t<\/div>\n\t\t\t\t<div class=\"elementor-column elementor-col-50 elementor-inner-column elementor-element elementor-element-3f36169b\" data-id=\"3f36169b\" data-element_type=\"column\" data-e-type=\"column\">\n\t\t\t<div class=\"elementor-widget-wrap elementor-element-populated\">\n\t\t\t\t\t\t<div class=\"elementor-element elementor-element-783a3c4d elementor-view-framed elementor-shape-circle elementor-widget elementor-widget-icon\" data-id=\"783a3c4d\" data-element_type=\"widget\" data-e-type=\"widget\" data-widget_type=\"icon.default\">\n\t\t\t\t<div class=\"elementor-widget-container\">\n\t\t\t\t\t\t\t<div class=\"elementor-icon-wrapper\">\n\t\t\t<a class=\"elementor-icon\" href=\"https:\/\/www.tiktok.com\/@mstar_es.lucia_sg\">\n\t\t\t<svg aria-hidden=\"true\" class=\"e-font-icon-svg e-fab-tiktok\" viewbox=\"0 0 448 512\" xmlns=\"http:\/\/www.w3.org\/2000\/svg\"><path d=\"M448,209.91a210.06,210.06,0,0,1-122.77-39.25V349.38A162.55,162.55,0,1,1,185,188.31V278.2a74.62,74.62,0,1,0,52.23,71.18V0l88,0a121.18,121.18,0,0,0,1.86,22.17h0A122.18,122.18,0,0,0,381,102.39a121.43,121.43,0,0,0,67,20.14Z\"><\/path><\/svg>\t\t\t<\/a>\n\t\t<\/div>\n\t\t\t\t\t\t<\/div>\n\t\t\t\t<\/div>\n\t\t\t\t\t<\/div>\n\t\t<\/div>\n\t\t\t\t\t<\/div>\n\t\t<\/section>\n\t\t\t\t\t<\/div>\n\t\t<\/div>\n\t\t\t\t\t<\/div>\n\t\t<\/section>\n\t\t\t\t\t<\/div>\n\t\t<\/div>\n\t\t\t\t\t<\/div>\n\t\t<\/section>\n\t\t\t\t<\/div>","protected":false},"excerpt":{"rendered":"<p>Mentor Introduction\uff08LATAM\uff09 Excellent creator mentor, well versed in tiktok play and has experience in live streaming. Have a deep insight into the problems in live streaming, manage 200+ creators, communicate patiently, and is an excellent mentor representative of M STAR Agency. Roberto Agents, Great Mentors Kevin is an accomplished creator on TikTok, a Q1 2025 A list creator nominee, with [&hellip;]<\/p>","protected":false},"author":1,"featured_media":0,"parent":0,"menu_order":0,"comment_status":"closed","ping_status":"closed","template":"elementor_header_footer","meta":{"footnotes":""},"class_list":["post-844","page","type-page","status-publish","hentry"],"_links":{"self":[{"href":"https:\/\/mstaragency.com\/es\/wp-json\/wp\/v2\/pages\/844","targetHints":{"allow":["GET"]}}],"collection":[{"href":"https:\/\/mstaragency.com\/es\/wp-json\/wp\/v2\/pages"}],"about":[{"href":"https:\/\/mstaragency.com\/es\/wp-json\/wp\/v2\/types\/page"}],"author":[{"embeddable":true,"href":"https:\/\/mstaragency.com\/es\/wp-json\/wp\/v2\/users\/1"}],"replies":[{"embeddable":true,"href":"https:\/\/mstaragency.com\/es\/wp-json\/wp\/v2\/comments?post=844"}],"version-history":[{"count":28,"href":"https:\/\/mstaragency.com\/es\/wp-json\/wp\/v2\/pages\/844\/revisions"}],"predecessor-version":[{"id":982,"href":"https:\/\/mstaragency.com\/es\/wp-json\/wp\/v2\/pages\/844\/revisions\/982"}],"wp:attachment":[{"href":"https:\/\/mstaragency.com\/es\/wp-json\/wp\/v2\/media?parent=844"}],"curies":[{"name":"wp","href":"https:\/\/api.w.org\/{rel}","templated":true}]}}