{"id":216,"date":"2023-05-19T11:07:12","date_gmt":"2023-05-19T11:07:12","guid":{"rendered":"https:\/\/demo.bosathemes.com\/bosa\/digital-agency\/?page_id=532"},"modified":"2025-04-29T02:07:34","modified_gmt":"2025-04-29T02:07:34","slug":"portfolio","status":"publish","type":"page","link":"https:\/\/mstaragency.com\/es\/portfolio\/","title":{"rendered":"Programa de Asociaci\u00f3n Estrat\u00e9gica Global (GSP)"},"content":{"rendered":"<div data-elementor-type=\"wp-page\" data-elementor-id=\"216\" class=\"elementor elementor-216\">\n\t\t\t\t\t\t<section class=\"elementor-section elementor-top-section elementor-element elementor-element-d721248 elementor-section-height-min-height elementor-section-boxed elementor-section-height-default elementor-section-items-middle\" data-id=\"d721248\" data-element_type=\"section\" data-e-type=\"section\" data-settings=\"{&quot;background_background&quot;:&quot;classic&quot;}\">\n\t\t\t\t\t\t\t<div class=\"elementor-background-overlay\"><\/div>\n\t\t\t\t\t\t\t<div class=\"elementor-container elementor-column-gap-no\">\n\t\t\t\t\t<div class=\"elementor-column elementor-col-100 elementor-top-column elementor-element elementor-element-be33425\" data-id=\"be33425\" data-element_type=\"column\" data-e-type=\"column\">\n\t\t\t<div class=\"elementor-widget-wrap elementor-element-populated\">\n\t\t\t\t\t\t<div class=\"elementor-element elementor-element-b31f19b animated-slow elementor-invisible elementor-widget elementor-widget-elementskit-heading\" data-id=\"b31f19b\" data-element_type=\"widget\" data-e-type=\"widget\" data-settings=\"{&quot;_animation&quot;:&quot;fadeInUp&quot;,&quot;_animation_delay&quot;:600}\" data-widget_type=\"elementskit-heading.default\">\n\t\t\t\t<div class=\"elementor-widget-container\">\n\t\t\t\t\t<div class=\"ekit-wid-con\" ><div class=\"ekit-heading elementskit-section-title-wraper text_center   ekit_heading_tablet-text_center   ekit_heading_mobile-\"><h2 class=\"ekit-heading--title elementskit-section-title\">Programa de Asociaci\u00f3n Estrat\u00e9gica Global (GSP)<\/h2><\/div><\/div>\t\t\t\t<\/div>\n\t\t\t\t<\/div>\n\t\t\t\t\t<\/div>\n\t\t<\/div>\n\t\t\t\t\t<\/div>\n\t\t<\/section>\n\t\t\t\t<section class=\"elementor-section elementor-top-section elementor-element elementor-element-b71bb31 elementor-section-boxed elementor-section-height-default elementor-section-height-default\" data-id=\"b71bb31\" data-element_type=\"section\" data-e-type=\"section\" data-settings=\"{&quot;background_background&quot;:&quot;classic&quot;}\">\n\t\t\t\t\t\t\t<div class=\"elementor-background-overlay\"><\/div>\n\t\t\t\t\t\t\t<div class=\"elementor-container elementor-column-gap-no\">\n\t\t\t\t\t<div class=\"elementor-column elementor-col-100 elementor-top-column elementor-element elementor-element-9d3965f\" data-id=\"9d3965f\" data-element_type=\"column\" data-e-type=\"column\">\n\t\t\t<div class=\"elementor-widget-wrap elementor-element-populated\">\n\t\t\t\t\t\t<div class=\"elementor-element elementor-element-f5e8e7f elementor-widget elementor-widget-image\" data-id=\"f5e8e7f\" data-element_type=\"widget\" data-e-type=\"widget\" data-widget_type=\"image.default\">\n\t\t\t\t<div class=\"elementor-widget-container\">\n\t\t\t\t\t\t\t\t\t\t\t\t\t\t\t<img fetchpriority=\"high\" decoding=\"async\" width=\"2048\" height=\"1079\" src=\"https:\/\/mstaragency.com\/wp-content\/uploads\/2025\/04\/MapChart_Map-2048x1079.png\" class=\"attachment-2048x2048 size-2048x2048 wp-image-504\" alt=\"\" srcset=\"https:\/\/mstaragency.com\/wp-content\/uploads\/2025\/04\/MapChart_Map-2048x1079.png 2048w, https:\/\/mstaragency.com\/wp-content\/uploads\/2025\/04\/MapChart_Map-300x158.png 300w, https:\/\/mstaragency.com\/wp-content\/uploads\/2025\/04\/MapChart_Map-1024x539.png 1024w, https:\/\/mstaragency.com\/wp-content\/uploads\/2025\/04\/MapChart_Map-768x405.png 768w, https:\/\/mstaragency.com\/wp-content\/uploads\/2025\/04\/MapChart_Map-1536x809.png 1536w, https:\/\/mstaragency.com\/wp-content\/uploads\/2025\/04\/MapChart_Map-590x310.png 590w, https:\/\/mstaragency.com\/wp-content\/uploads\/2025\/04\/MapChart_Map-600x316.png 600w\" sizes=\"(max-width: 2048px) 100vw, 2048px\" \/>\t\t\t\t\t\t\t\t\t\t\t\t\t\t\t<\/div>\n\t\t\t\t<\/div>\n\t\t\t\t<div class=\"elementor-element elementor-element-51ccb3f elementor-widget elementor-widget-text-editor\" data-id=\"51ccb3f\" data-element_type=\"widget\" data-e-type=\"widget\" data-widget_type=\"text-editor.default\">\n\t\t\t\t<div class=\"elementor-widget-container\">\n\t\t\t\t\t\t\t\t\t<p class=\"p1\"><span class=\"s1\">Estamos orgullosos de anunciar que <\/span><b>AGENCIA M STAR<\/b><span class=\"s1\"> ha sido reconocido oficialmente como <\/span><b>Agencia Autorizada de TikTok para las regiones de Espa\u00f1a y Latinoam\u00e9rica<\/b><span class=\"s1\">.<\/span><\/p><p class=\"p2\">Con capacidades operativas excepcionales, amplia experiencia en la industria y excelente integraci\u00f3n de recursos, M STAR AGENCY ha obtenido m\u00faltiples certificaciones oficiales y ha sido ampliamente respaldada por la plataforma TikTok.<\/p><p class=\"p2\">Como parte de nuestra estrategia de expansi\u00f3n global, M STAR AGENCY se compromete a promover y establecer la <span class=\"s2\"><b>Marca M STAR<\/b><\/span> mundial.<\/p><p class=\"p2\">Invitamos sinceramente a personas y organizaciones apasionadas por la creaci\u00f3n de contenido, el comercio en vivo, la promoci\u00f3n de marca y el desarrollo del ecosistema TikTok a colaborar con nosotros. Ya sea que se encuentren en Europa, Latinoam\u00e9rica o cualquier otra parte del mundo, M STAR AGENCY les brindar\u00e1 apoyo profesional y recursos premium para ayudarles a crecer y alcanzar el \u00e9xito.<\/p><p class=\"p1\"><b>Damos una c\u00e1lida bienvenida a todas las partes interesadas a ponerse en contacto con nosotros para oportunidades de cooperaci\u00f3n.<\/b><\/p><p class=\"p1\"><b>\u00a1Un\u00e1monos fuerzas y creemos una nueva era de \u00e9xito en el ecosistema de TikTok!<\/b><\/p><p class=\"p1\"><b>Informaci\u00f3n de contacto oficial de M STAR AGENCY:<\/b><\/p>\t\t\t\t\t\t\t\t<\/div>\n\t\t\t\t<\/div>\n\t\t\t\t<div class=\"elementor-element elementor-element-0a44248 elementor-align-center elementor-widget elementor-widget-button\" data-id=\"0a44248\" data-element_type=\"widget\" data-e-type=\"widget\" data-widget_type=\"button.default\">\n\t\t\t\t<div class=\"elementor-widget-container\">\n\t\t\t\t\t\t\t\t\t<div class=\"elementor-button-wrapper\">\n\t\t\t\t\t<a class=\"elementor-button elementor-button-link elementor-size-sm\" href=\"https:\/\/mstaragency.com\/es\/contact-us\/\">\n\t\t\t\t\t\t<span class=\"elementor-button-content-wrapper\">\n\t\t\t\t\t\t\t\t\t<span class=\"elementor-button-text\">CONT\u00c1CTENOS<\/span>\n\t\t\t\t\t<\/span>\n\t\t\t\t\t<\/a>\n\t\t\t\t<\/div>\n\t\t\t\t\t\t\t\t<\/div>\n\t\t\t\t<\/div>\n\t\t\t\t\t<\/div>\n\t\t<\/div>\n\t\t\t\t\t<\/div>\n\t\t<\/section>\n\t\t\t\t<\/div>","protected":false},"excerpt":{"rendered":"<p>Global Strategic Partnership Program (GSP) We are proud to announce that M STAR AGENCY has been officially recognized as a TikTok Authorized Agency for the Spain and Latin America regions. With outstanding operational capabilities, extensive industry experience, and excellent resource integration, M STAR AGENCY has earned multiple official certifications and has been highly endorsed by the TikTok platform. As part [&hellip;]<\/p>","protected":false},"author":1,"featured_media":0,"parent":0,"menu_order":0,"comment_status":"closed","ping_status":"closed","template":"elementor_header_footer","meta":{"footnotes":""},"class_list":["post-216","page","type-page","status-publish","hentry"],"_links":{"self":[{"href":"https:\/\/mstaragency.com\/es\/wp-json\/wp\/v2\/pages\/216","targetHints":{"allow":["GET"]}}],"collection":[{"href":"https:\/\/mstaragency.com\/es\/wp-json\/wp\/v2\/pages"}],"about":[{"href":"https:\/\/mstaragency.com\/es\/wp-json\/wp\/v2\/types\/page"}],"author":[{"embeddable":true,"href":"https:\/\/mstaragency.com\/es\/wp-json\/wp\/v2\/users\/1"}],"replies":[{"embeddable":true,"href":"https:\/\/mstaragency.com\/es\/wp-json\/wp\/v2\/comments?post=216"}],"version-history":[{"count":8,"href":"https:\/\/mstaragency.com\/es\/wp-json\/wp\/v2\/pages\/216\/revisions"}],"predecessor-version":[{"id":512,"href":"https:\/\/mstaragency.com\/es\/wp-json\/wp\/v2\/pages\/216\/revisions\/512"}],"wp:attachment":[{"href":"https:\/\/mstaragency.com\/es\/wp-json\/wp\/v2\/media?parent=216"}],"curies":[{"name":"wp","href":"https:\/\/api.w.org\/{rel}","templated":true}]}}