{"id":214,"date":"2023-05-19T11:07:15","date_gmt":"2023-05-19T11:07:15","guid":{"rendered":"https:\/\/demo.bosathemes.com\/bosa\/digital-agency\/?page_id=533"},"modified":"2025-05-26T04:25:22","modified_gmt":"2025-05-26T04:25:22","slug":"mentor-introduction","status":"publish","type":"page","link":"https:\/\/mstaragency.com\/es\/mentor-introduction\/","title":{"rendered":"Introducci\u00f3n del mentor"},"content":{"rendered":"<div data-elementor-type=\"wp-page\" data-elementor-id=\"214\" class=\"elementor elementor-214\">\n\t\t\t\t\t\t<section class=\"elementor-section elementor-top-section elementor-element elementor-element-0840ea7 elementor-section-height-min-height elementor-section-boxed elementor-section-height-default elementor-section-items-middle\" data-id=\"0840ea7\" data-element_type=\"section\" data-e-type=\"section\" data-settings=\"{&quot;background_background&quot;:&quot;classic&quot;}\">\n\t\t\t\t\t\t\t<div class=\"elementor-background-overlay\"><\/div>\n\t\t\t\t\t\t\t<div class=\"elementor-container elementor-column-gap-no\">\n\t\t\t\t\t<div class=\"elementor-column elementor-col-100 elementor-top-column elementor-element elementor-element-88ec509\" data-id=\"88ec509\" data-element_type=\"column\" data-e-type=\"column\">\n\t\t\t<div class=\"elementor-widget-wrap elementor-element-populated\">\n\t\t\t\t\t\t<div class=\"elementor-element elementor-element-e81240d animated-slow elementor-invisible elementor-widget elementor-widget-elementskit-heading\" data-id=\"e81240d\" data-element_type=\"widget\" data-e-type=\"widget\" data-settings=\"{&quot;_animation&quot;:&quot;fadeInUp&quot;,&quot;_animation_delay&quot;:600}\" data-widget_type=\"elementskit-heading.default\">\n\t\t\t\t<div class=\"elementor-widget-container\">\n\t\t\t\t\t<div class=\"ekit-wid-con\" ><div class=\"ekit-heading elementskit-section-title-wraper text_center   ekit_heading_tablet-text_center   ekit_heading_mobile-\"><h2 class=\"ekit-heading--title elementskit-section-title\">Introducci\u00f3n del mentor<\/h2><\/div><\/div>\t\t\t\t<\/div>\n\t\t\t\t<\/div>\n\t\t\t\t\t<\/div>\n\t\t<\/div>\n\t\t\t\t\t<\/div>\n\t\t<\/section>\n\t\t\t\t<section class=\"elementor-section elementor-top-section elementor-element elementor-element-6f0ac80 elementor-section-boxed elementor-section-height-default elementor-section-height-default\" data-id=\"6f0ac80\" data-element_type=\"section\" data-e-type=\"section\" data-settings=\"{&quot;background_background&quot;:&quot;classic&quot;}\">\n\t\t\t\t\t\t\t<div class=\"elementor-background-overlay\"><\/div>\n\t\t\t\t\t\t\t<div class=\"elementor-container elementor-column-gap-no\">\n\t\t\t\t\t<div class=\"elementor-column elementor-col-100 elementor-top-column elementor-element elementor-element-cf3c9ba\" data-id=\"cf3c9ba\" data-element_type=\"column\" data-e-type=\"column\">\n\t\t\t<div class=\"elementor-widget-wrap elementor-element-populated\">\n\t\t\t\t\t\t<div class=\"elementor-element elementor-element-d52a25e elementor-widget elementor-widget-text-editor\" data-id=\"d52a25e\" data-element_type=\"widget\" data-e-type=\"widget\" data-widget_type=\"text-editor.default\">\n\t\t\t\t<div class=\"elementor-widget-container\">\n\t\t\t\t\t\t\t\t\t<p class=\"p1\">El <span class=\"s1\"><b>Programa exclusivo de mentor\u00eda para creadores de M STAR<\/b><\/span> Ofrece una ruta de crecimiento personalizada para cada creador que se une. Nuestro dedicado equipo de mentores adapta las estrategias de desarrollo seg\u00fan el estilo y las fortalezas \u00fanicas de cada creador, impuls\u00e1ndolos a prosperar en la plataforma TikTok. Este programa es un pilar estrat\u00e9gico clave para unir y expandir M STAR, impulsando nuestro crecimiento sostenible a largo plazo.<\/p><p class=\"p1\">Los mentores se seleccionan mediante un riguroso proceso alineado con el ecosistema del mercado de TikTok, conformando un equipo profesional, eficiente y altamente comprometido. Se mantienen al d\u00eda con las \u00faltimas directrices oficiales de TikTok y ofrecen capacitaci\u00f3n y apoyo sistem\u00e1ticos, garantizando que los creadores se beneficien plenamente de la creaci\u00f3n de contenido, las operaciones de la plataforma y el desarrollo profesional.<\/p><p class=\"p1\">El equipo de mentor\u00eda de M STAR se compromete a liderar la agencia hacia la vanguardia de TikTok, guiado por nuestra filosof\u00eda fundamental de &quot;excelencia a largo plazo&quot;. Con el lema &quot;SOY UNA ESTRELLA&quot;, nos esforzamos juntos para expandir y fortalecer la comunidad de \u00e9lite de M STAR con pasi\u00f3n y prop\u00f3sito.<\/p>\t\t\t\t\t\t\t\t<\/div>\n\t\t\t\t<\/div>\n\t\t\t\t\t<\/div>\n\t\t<\/div>\n\t\t\t\t\t<\/div>\n\t\t<\/section>\n\t\t\t\t<\/div>","protected":false},"excerpt":{"rendered":"<p>Mentor Introduction The M STAR Exclusive Creator Mentorship Program offers a personalized growth path for every creator who joins. Our dedicated team of mentors tailors development strategies based on each creator\u2019s unique style and strengths, empowering them to thrive on the TikTok platform. This program is a key strategic pillar in uniting and expanding M STAR, driving our long-term sustainable [&hellip;]<\/p>","protected":false},"author":1,"featured_media":0,"parent":0,"menu_order":0,"comment_status":"closed","ping_status":"closed","template":"elementor_header_footer","meta":{"footnotes":""},"class_list":["post-214","page","type-page","status-publish","hentry"],"_links":{"self":[{"href":"https:\/\/mstaragency.com\/es\/wp-json\/wp\/v2\/pages\/214","targetHints":{"allow":["GET"]}}],"collection":[{"href":"https:\/\/mstaragency.com\/es\/wp-json\/wp\/v2\/pages"}],"about":[{"href":"https:\/\/mstaragency.com\/es\/wp-json\/wp\/v2\/types\/page"}],"author":[{"embeddable":true,"href":"https:\/\/mstaragency.com\/es\/wp-json\/wp\/v2\/users\/1"}],"replies":[{"embeddable":true,"href":"https:\/\/mstaragency.com\/es\/wp-json\/wp\/v2\/comments?post=214"}],"version-history":[{"count":56,"href":"https:\/\/mstaragency.com\/es\/wp-json\/wp\/v2\/pages\/214\/revisions"}],"predecessor-version":[{"id":871,"href":"https:\/\/mstaragency.com\/es\/wp-json\/wp\/v2\/pages\/214\/revisions\/871"}],"wp:attachment":[{"href":"https:\/\/mstaragency.com\/es\/wp-json\/wp\/v2\/media?parent=214"}],"curies":[{"name":"wp","href":"https:\/\/api.w.org\/{rel}","templated":true}]}}